{"id":83,"date":"2017-10-22T19:38:36","date_gmt":"2017-10-22T19:38:36","guid":{"rendered":"http:\/\/propolonia.be\/?page_id=83"},"modified":"2025-12-19T08:43:01","modified_gmt":"2025-12-19T08:43:01","slug":"kontakt","status":"publish","type":"page","link":"http:\/\/propolonia.be\/?page_id=83","title":{"rendered":"Kontakt"},"content":{"rendered":"<div>\n<hr \/>\n<\/div>\n<div>Kontakt telefoniczny:<\/div>\n<div><\/div>\n<div><strong>Agnieszka Pia\u015bcik<\/strong> 0487456249 &#8211; prezes stowarzyszenia ProPolonia (sprawy zwi\u0105zane ze dzia\u0142alno\u015bci\u0105 stowarzyszenia)<\/div>\n<div>Adres e-mail: info@propolonia.be<\/div>\n","protected":false},"excerpt":{"rendered":"<p>Kontakt telefoniczny: Agnieszka Pia\u015bcik 0487456249 &#8211; prezes stowarzyszenia ProPolonia (sprawy zwi\u0105zane ze dzia\u0142alno\u015bci\u0105 stowarzyszenia) Adres e-mail: info@propolonia.be<\/p>\n","protected":false},"author":1,"featured_media":0,"parent":0,"menu_order":0,"comment_status":"closed","ping_status":"closed","template":"","meta":{"footnotes":""},"class_list":["post-83","page","type-page","status-publish","hentry","no-post-thumbnail"],"_links":{"self":[{"href":"http:\/\/propolonia.be\/index.php?rest_route=\/wp\/v2\/pages\/83","targetHints":{"allow":["GET"]}}],"collection":[{"href":"http:\/\/propolonia.be\/index.php?rest_route=\/wp\/v2\/pages"}],"about":[{"href":"http:\/\/propolonia.be\/index.php?rest_route=\/wp\/v2\/types\/page"}],"author":[{"embeddable":true,"href":"http:\/\/propolonia.be\/index.php?rest_route=\/wp\/v2\/users\/1"}],"replies":[{"embeddable":true,"href":"http:\/\/propolonia.be\/index.php?rest_route=%2Fwp%2Fv2%2Fcomments&post=83"}],"version-history":[{"count":9,"href":"http:\/\/propolonia.be\/index.php?rest_route=\/wp\/v2\/pages\/83\/revisions"}],"predecessor-version":[{"id":1115,"href":"http:\/\/propolonia.be\/index.php?rest_route=\/wp\/v2\/pages\/83\/revisions\/1115"}],"wp:attachment":[{"href":"http:\/\/propolonia.be\/index.php?rest_route=%2Fwp%2Fv2%2Fmedia&parent=83"}],"curies":[{"name":"wp","href":"https:\/\/api.w.org\/{rel}","templated":true}]}}