{"id":329,"date":"2018-11-20T18:06:01","date_gmt":"2018-11-20T18:06:01","guid":{"rendered":"http:\/\/propolonia.be\/?page_id=329"},"modified":"2018-11-20T18:06:01","modified_gmt":"2018-11-20T18:06:01","slug":"rekrutacja-uczestnikow-na-szkolenie-w-wielkiej-brytanii-15-02-2019-19-02-2019","status":"publish","type":"page","link":"http:\/\/propolonia.be\/?page_id=329","title":{"rendered":"Rekrutacja uczestnik\u00f3w na szkolenie w Wielkiej Brytanii 15\/02\/2019 \u2013 19\/02\/2019"},"content":{"rendered":"<p><a href=\"http:\/\/propolonia.be\/wp-content\/uploads\/2018\/11\/og\u0142oszenie-o-naborze-na-szkolenie.docx\">1. Og\u0142oszenie o rekrutacji do projektu<\/a><\/p>\n<p><a href=\"http:\/\/propolonia.be\/wp-content\/uploads\/2018\/11\/regulamin-rekrutacji.docx\">2. Regulamin rekrutacji<\/a><\/p>\n<p><a href=\"http:\/\/propolonia.be\/wp-content\/uploads\/2018\/11\/za\u0142\u0105cznik-1.docx\">3. Za\u0142\u0105cznik 1 \u2013 Kwestionariusz zg\u0142oszeniowy \u2013 Zgoda na przetwarzanie danych osobowych uczestnika projektu<\/a><\/p>\n<p><a href=\"http:\/\/propolonia.be\/wp-content\/uploads\/2018\/11\/za\u0142\u0105cznik-2.docx\">4. Za\u0142\u0105cznik 2 \u2013 Deklaracja udzia\u0142u w projekcie<\/a><\/p>\n","protected":false},"excerpt":{"rendered":"<p>1. Og\u0142oszenie o rekrutacji do projektu 2. Regulamin rekrutacji 3. Za\u0142\u0105cznik 1 \u2013 Kwestionariusz zg\u0142oszeniowy \u2013 Zgoda na przetwarzanie danych<span class=\"more-dots\">&#8230;<\/span><\/p>\n","protected":false},"author":1,"featured_media":0,"parent":0,"menu_order":0,"comment_status":"closed","ping_status":"closed","template":"","meta":{"footnotes":""},"class_list":["post-329","page","type-page","status-publish","hentry","no-post-thumbnail"],"_links":{"self":[{"href":"http:\/\/propolonia.be\/index.php?rest_route=\/wp\/v2\/pages\/329","targetHints":{"allow":["GET"]}}],"collection":[{"href":"http:\/\/propolonia.be\/index.php?rest_route=\/wp\/v2\/pages"}],"about":[{"href":"http:\/\/propolonia.be\/index.php?rest_route=\/wp\/v2\/types\/page"}],"author":[{"embeddable":true,"href":"http:\/\/propolonia.be\/index.php?rest_route=\/wp\/v2\/users\/1"}],"replies":[{"embeddable":true,"href":"http:\/\/propolonia.be\/index.php?rest_route=%2Fwp%2Fv2%2Fcomments&post=329"}],"version-history":[{"count":2,"href":"http:\/\/propolonia.be\/index.php?rest_route=\/wp\/v2\/pages\/329\/revisions"}],"predecessor-version":[{"id":336,"href":"http:\/\/propolonia.be\/index.php?rest_route=\/wp\/v2\/pages\/329\/revisions\/336"}],"wp:attachment":[{"href":"http:\/\/propolonia.be\/index.php?rest_route=%2Fwp%2Fv2%2Fmedia&parent=329"}],"curies":[{"name":"wp","href":"https:\/\/api.w.org\/{rel}","templated":true}]}}