{"id":243,"date":"2017-12-31T09:19:10","date_gmt":"2017-12-31T09:19:10","guid":{"rendered":"http:\/\/propolonia.be\/?page_id=243"},"modified":"2017-12-31T09:57:50","modified_gmt":"2017-12-31T09:57:50","slug":"ogloszenie-o-rekrutacji-do-projektu","status":"publish","type":"page","link":"http:\/\/propolonia.be\/?page_id=243","title":{"rendered":"Rekrutacja uczestnik\u00f3w na szkolenie w Bia\u0142ymstoku 05\/02\/2018 &#8211; 09\/02\/2018"},"content":{"rendered":"<ol>\n<li><a href=\"http:\/\/propolonia.be\/wp-content\/uploads\/2017\/12\/og\u0142oszenie-o-rekrutacji-do-projektu-1.pdf\">Og\u0142oszenie o rekrutacji do projektu<\/a><\/li>\n<li><a href=\"http:\/\/propolonia.be\/wp-content\/uploads\/2017\/12\/regulamin-rekrutacji.pdf\">Regulamin rekrutacji<\/a><\/li>\n<li><a href=\"http:\/\/propolonia.be\/wp-content\/uploads\/2017\/12\/za\u0142\u0105cznik-1.pdf\">Za\u0142\u0105cznik 1 &#8211;\u00a0<\/a><a href=\"http:\/\/propolonia.be\/wp-content\/uploads\/2017\/12\/za\u0142\u0105cznik-1.pdf\">Kwestionariusz zg\u0142oszeniowy &#8211; Zgoda na przetwarzanie danych osobowych uczestnika projektu<\/a><\/li>\n<li><a href=\"http:\/\/propolonia.be\/wp-content\/uploads\/2017\/12\/za\u0142\u0105cznik-2.pdf\">Za\u0142\u0105cznik 2 &#8211; Deklaracja udzia\u0142u w projekcie<\/a><\/li>\n<\/ol>\n","protected":false},"excerpt":{"rendered":"<p>Og\u0142oszenie o rekrutacji do projektu Regulamin rekrutacji Za\u0142\u0105cznik 1 &#8211;\u00a0Kwestionariusz zg\u0142oszeniowy &#8211; Zgoda na przetwarzanie danych osobowych uczestnika projektu Za\u0142\u0105cznik<span class=\"more-dots\">&#8230;<\/span><\/p>\n","protected":false},"author":1,"featured_media":0,"parent":0,"menu_order":0,"comment_status":"closed","ping_status":"closed","template":"","meta":{"footnotes":""},"class_list":["post-243","page","type-page","status-publish","hentry","no-post-thumbnail"],"_links":{"self":[{"href":"http:\/\/propolonia.be\/index.php?rest_route=\/wp\/v2\/pages\/243","targetHints":{"allow":["GET"]}}],"collection":[{"href":"http:\/\/propolonia.be\/index.php?rest_route=\/wp\/v2\/pages"}],"about":[{"href":"http:\/\/propolonia.be\/index.php?rest_route=\/wp\/v2\/types\/page"}],"author":[{"embeddable":true,"href":"http:\/\/propolonia.be\/index.php?rest_route=\/wp\/v2\/users\/1"}],"replies":[{"embeddable":true,"href":"http:\/\/propolonia.be\/index.php?rest_route=%2Fwp%2Fv2%2Fcomments&post=243"}],"version-history":[{"count":6,"href":"http:\/\/propolonia.be\/index.php?rest_route=\/wp\/v2\/pages\/243\/revisions"}],"predecessor-version":[{"id":256,"href":"http:\/\/propolonia.be\/index.php?rest_route=\/wp\/v2\/pages\/243\/revisions\/256"}],"wp:attachment":[{"href":"http:\/\/propolonia.be\/index.php?rest_route=%2Fwp%2Fv2%2Fmedia&parent=243"}],"curies":[{"name":"wp","href":"https:\/\/api.w.org\/{rel}","templated":true}]}}