{"id":105,"date":"2017-10-22T20:49:47","date_gmt":"2017-10-22T20:49:47","guid":{"rendered":"http:\/\/propolonia.be\/?page_id=105"},"modified":"2021-02-26T10:35:31","modified_gmt":"2021-02-26T10:35:31","slug":"erasmus","status":"publish","type":"page","link":"http:\/\/propolonia.be\/?page_id=105","title":{"rendered":"ERASMUS PLUS, 2017 &#8211; 2020"},"content":{"rendered":"<p><img loading=\"lazy\" decoding=\"async\" class=\"alignnone size-medium wp-image-106\" src=\"http:\/\/propolonia.be\/wp-content\/uploads\/2017\/10\/EU-flag-Erasmus_vect_POS-300x86.jpg\" alt=\"\" width=\"300\" height=\"86\" srcset=\"http:\/\/propolonia.be\/wp-content\/uploads\/2017\/10\/EU-flag-Erasmus_vect_POS-300x86.jpg 300w, http:\/\/propolonia.be\/wp-content\/uploads\/2017\/10\/EU-flag-Erasmus_vect_POS-768x219.jpg 768w, http:\/\/propolonia.be\/wp-content\/uploads\/2017\/10\/EU-flag-Erasmus_vect_POS-1024x292.jpg 1024w, http:\/\/propolonia.be\/wp-content\/uploads\/2017\/10\/EU-flag-Erasmus_vect_POS.jpg 1964w\" sizes=\"auto, (max-width: 300px) 100vw, 300px\" \/><\/p>\n<p>Projekt <strong>\u201ePolska szko\u0142a za granic\u0105. Wspieranie doskonalenia zawodowego nauczycieli szk\u00f3\u0142 polonijnych\u201d<\/strong> jest realizowany w ramach programu Erasmus plus \u2013 Akcja K02, Edukacja szkolna, Partnerstwa strategiczne na rzecz innowacji.<\/p>\n<p><strong><u>Czas trwania projektu:<\/u><\/strong><\/p>\n<p>01.09.2017 \u2013 31.08.2020<\/p>\n<p><strong><u>Organizacje partnerskie uczestnicz\u0105ce w projekcie:<\/u><\/strong><\/p>\n<p>Miejski O\u015brodek Doradztwa Metodycznego w Bia\u0142ymstoku (Polska)<\/p>\n<p>Vilniaus r. Maisiagalos vaiku lopselis-darzelis (Litwa)<\/p>\n<p>Associacio Cultural Escuela Polaca (Hiszpania)<\/p>\n<p>\u201eProPolonia\u201d Poolse Vereniging voor Cultuur en Onderwijs (Belgia)<\/p>\n<p>Integrative Saturday School Limited by Guarantee (Wielka Brytania)<\/p>\n<p>Foreningen Barna Polen (Norwegia)<\/p>\n<p><strong><u>Cele projektu:<\/u><\/strong><\/p>\n<ol>\n<li>Organizowanie doskonalenia zawodowego nauczycieli polonijnych w zakresie edukacji wczesnoszkolnej oraz nauczania przedmiotowego w j\u0119z. polskim; podniesienie ich kompetencji metodycznych, przedmiotowych, psychologicznych i mi\u0119dzykulturowych.<\/li>\n<li>Podniesienie kompetencji kadry zarz\u0105dzaj\u0105cej plac\u00f3wkami polonijnymi w zakresie zarz\u0105dzania polonijn\u0105 plac\u00f3wk\u0105 o\u015bwiatow\u0105.<\/li>\n<li>Opracowanie programu doskonalenia metodycznego nauczycieli polonijnych obejmuj\u0105cego wiedz\u0119 przedmiotow\u0105 i metodyczn\u0105.<\/li>\n<li>Opracowanie pakietu metodycznego nauczyciela szko\u0142y polonijnej, zawieraj\u0105cego materia\u0142y metodyczno-dydaktyczne.<\/li>\n<li>Opracowanie metodycznych kurs\u00f3w e-learningowych.<\/li>\n<li>Promowanie stosowania TIK w nauczaniu, np. poprzez e-learning.<\/li>\n<li>Podtrzymywanie poczucia to\u017csamo\u015bci narodowej w\u015br\u00f3d Polak\u00f3w \u017cyj\u0105cych poza granicami kraju.<\/li>\n<\/ol>\n<p>Uczestnikami projektu b\u0119d\u0105 nauczyciele i kadra zarz\u0105dzaj\u0105ca instytucji partnerskich, \u0142\u0105cznie oko\u0142o 65 os\u00f3b. Parterami projektu s\u0105: MODM w Bia\u0142ymstoku (Polska), Vilniaus r. Maisiagalos vaiku lopselis-darzelis (Litwa), Associacio Cultural Escuela Polaca (Hiszpania), \u201eProPolonia\u201d Poolse Vereniging voor Cultuur en Onderwijs (Belgia), Integrative Saturday School Limited by Guarantee (Wielka Brytania), Foreningen Barna Polen (Norwegia)<\/p>\n<p>Uczestnicy b\u0119d\u0105 bra\u0107 udzia\u0142 w szkoleniach i warsztatach, wsp\u00f3\u0142tworzy\u0107 materia\u0142y dydaktyczne, wypracowywa\u0107 rezultaty pracy intelektualnej oraz prowadzi\u0107 wymian\u0119 do\u015bwiadcze\u0144 i dobrych praktyk. Z ramienia koordynatora uczestnikami b\u0119d\u0105 pracownicy merytoryczni instytucji odpowiedzialni za przygotowanie i przeprowadzenie doskonalenia. Ze szkole\u0144 e-learningowych oraz wypracowanych materia\u0142\u00f3w korzysta\u0107 b\u0119d\u0105 r\u00f3wnie\u017c wszyscy zainteresowani nauczyciele szk\u00f3\u0142 polonijnych. Stworzony program doskonalenia b\u0119dzie wykorzystany przez instytucje i stowarzyszenia dzia\u0142aj\u0105ce w zakresie o\u015bwiaty polonijnej. Po\u015brednio dzia\u0142ania projektowe obejm\u0105 dodatkowo oko\u0142o 400 os\u00f3b.<\/p>\n<p>Aby osi\u0105gn\u0105\u0107 zak\u0142adane cele projektu partnerzy zaplanowali nast\u0119puj\u0105ce dzia\u0142ania:<\/p>\n<p>&#8211; mi\u0119dzynarodowe spotkania projektowe s\u0142u\u017c\u0105ce zarz\u0105dzaniu projektem i prac\u0105 nad rezultatami<\/p>\n<p>&#8211; mi\u0119dzynarodowe spotkania s\u0142u\u017c\u0105ce szkoleniom kadry instytucji partnerskich, podczas kt\u00f3rych przeprowadzone zostan\u0105 szkolenia, warsztaty, wymiana do\u015bwiadcze\u0144 oraz elementy job shadowing<\/p>\n<p>&#8211; wsp\u00f3lne dzia\u0142ania partner\u00f3w w celu wytworzenia produkt\u00f3w pracy intelektualnej projektu w tym:<\/p>\n<p>* opracowanie kurs\u00f3w e-learning. dost\u0119pnych na platformie Moodle<\/p>\n<p>* opracowanie programu doskonalenia nauczyciela polonijnego oraz pakietu metodyczno-dydaktycznego dla nauczycieli polonijnych<\/p>\n<p>&#8211; utworzenie strony www projektu, za pomoc\u0105 kt\u00f3rej udost\u0119pnione zostan\u0105 wypracowane materia\u0142y w ramach Otwartych Zasob\u00f3w Edukacyjnych<\/p>\n<p>Osi\u0105gni\u0119te rezultaty, w szczeg\u00f3lno\u015bci program doskonalenia zawodowego, pakiet metodyczno-dydaktyczny oraz kursy e-learning., zostan\u0105 zaprezentowane podczas seminari\u00f3w i konferencji zaplanowanych w ko\u0144cowej fazie projektu. Odbiorcami b\u0119d\u0105 nauczyciele oraz kadra zarz\u0105dzaj\u0105ca stowarzysze\u0144 i organizacji zajmuj\u0105cych si\u0119 o\u015bwiat\u0105 polonijn\u0105. Zasoby b\u0119d\u0105 r\u00f3wnie\u017c udost\u0119pnione wszystkim zainteresowanym do pobrania ze strony internetowej projektu.<\/p>\n<p><em>Projekt \u201ePolska szko\u0142a za granic\u0105. Wspieranie doskonalenia zawodowego nauczycieli szk\u00f3\u0142 polonijnych.\u201d jest wsp\u00f3\u0142finansowany w ramach programu Unii Europejskiej Erasmus+.<\/em><\/p>\n","protected":false},"excerpt":{"rendered":"<p>Projekt \u201ePolska szko\u0142a za granic\u0105. Wspieranie doskonalenia zawodowego nauczycieli szk\u00f3\u0142 polonijnych\u201d jest realizowany w ramach programu Erasmus plus \u2013 Akcja<span class=\"more-dots\">&#8230;<\/span><\/p>\n","protected":false},"author":1,"featured_media":0,"parent":0,"menu_order":0,"comment_status":"closed","ping_status":"closed","template":"","meta":{"footnotes":""},"class_list":["post-105","page","type-page","status-publish","hentry","no-post-thumbnail"],"_links":{"self":[{"href":"http:\/\/propolonia.be\/index.php?rest_route=\/wp\/v2\/pages\/105","targetHints":{"allow":["GET"]}}],"collection":[{"href":"http:\/\/propolonia.be\/index.php?rest_route=\/wp\/v2\/pages"}],"about":[{"href":"http:\/\/propolonia.be\/index.php?rest_route=\/wp\/v2\/types\/page"}],"author":[{"embeddable":true,"href":"http:\/\/propolonia.be\/index.php?rest_route=\/wp\/v2\/users\/1"}],"replies":[{"embeddable":true,"href":"http:\/\/propolonia.be\/index.php?rest_route=%2Fwp%2Fv2%2Fcomments&post=105"}],"version-history":[{"count":6,"href":"http:\/\/propolonia.be\/index.php?rest_route=\/wp\/v2\/pages\/105\/revisions"}],"predecessor-version":[{"id":429,"href":"http:\/\/propolonia.be\/index.php?rest_route=\/wp\/v2\/pages\/105\/revisions\/429"}],"wp:attachment":[{"href":"http:\/\/propolonia.be\/index.php?rest_route=%2Fwp%2Fv2%2Fmedia&parent=105"}],"curies":[{"name":"wp","href":"https:\/\/api.w.org\/{rel}","templated":true}]}}